{"id":127,"date":"2018-04-19T12:11:32","date_gmt":"2018-04-19T10:11:32","guid":{"rendered":"http:\/\/die-logo-app.de\/?page_id=127"},"modified":"2018-04-27T11:24:05","modified_gmt":"2018-04-27T09:24:05","slug":"haeufige-fragen","status":"publish","type":"page","link":"https:\/\/www.die-logo-app.com\/?page_id=127","title":{"rendered":"H\u00e4ufige Fragen"},"content":{"rendered":"<ol>\n<li><strong>F: Warum kommen W\u00f6rter mit &#8222;z&#8220; unter &#8222;t&#8220; und &#8222;s&#8220; vor?<\/strong><br \/>\nA: In der deutschen Sprache wir das \/z\/ als \/ts\/ gesprochen, z.B. Zahn<\/li>\n<p><li><strong>F: Ich habe die Vollversion auf einem iOS-Ger\u00e4t (z.B. iPhone) gekauft und m\u00f6chte sie auf einem zweiten iOS-Ger\u00e4t (z.B. iPad) nutzen. Wie kann ich diese auf dem zweiten Ger\u00e4t herunterladen ohne noch einmal zu bezahlen?<\/strong><br \/>\nA: Bitte klicken Sie auf dem zweiten iOS-Ger\u00e4t auf den blauen Einkaufswagen und dort auf den blauen Aktualisierungspfeil. Nach Eingabe Ihrer Apple-ID aktualisiert sich die App in der Vollversion auf diesem zweiten Ger\u00e4t.<\/li>\n<p\/>\n<\/ol>\n<p>&nbsp;<\/p>\n","protected":false},"excerpt":{"rendered":"<p>F: Warum kommen W\u00f6rter mit &#8222;z&#8220; unter &#8222;t&#8220; und &#8222;s&#8220; vor? A: In der deutschen Sprache wir das \/z\/ als \/ts\/ gesprochen, z.B. Zahn F: Ich habe die Vollversion auf einem iOS-Ger\u00e4t (z.B. iPhone) gekauft und m\u00f6chte sie auf einem zweiten iOS-Ger\u00e4t (z.B. iPad) nutzen. Wie kann ich diese auf dem zweiten Ger\u00e4t herunterladen ohne &hellip; <a href=\"https:\/\/www.die-logo-app.com\/?page_id=127\" class=\"more-link\"><span class=\"screen-reader-text\">H\u00e4ufige Fragen<\/span> weiterlesen<\/a><\/p>\n","protected":false},"author":2,"featured_media":0,"parent":0,"menu_order":0,"comment_status":"closed","ping_status":"closed","template":"","meta":[],"yoast_head":"<!-- This site is optimized with the Yoast SEO plugin v14.9 - https:\/\/yoast.com\/wordpress\/plugins\/seo\/ -->\n<title>H\u00e4ufige Fragen - Logo App<\/title>\n<meta name=\"robots\" content=\"index, follow, max-snippet:-1, max-image-preview:large, max-video-preview:-1\" \/>\n<link rel=\"canonical\" href=\"http:\/\/www.die-logo-app.com\/?page_id=127\" \/>\n<meta property=\"og:locale\" content=\"de_DE\" \/>\n<meta property=\"og:type\" content=\"article\" \/>\n<meta property=\"og:title\" content=\"H\u00e4ufige Fragen - Logo App\" \/>\n<meta property=\"og:description\" content=\"F: Warum kommen W\u00f6rter mit &#8222;z&#8220; unter &#8222;t&#8220; und &#8222;s&#8220; vor? A: In der deutschen Sprache wir das \/z\/ als \/ts\/ gesprochen, z.B. Zahn F: Ich habe die Vollversion auf einem iOS-Ger\u00e4t (z.B. iPhone) gekauft und m\u00f6chte sie auf einem zweiten iOS-Ger\u00e4t (z.B. iPad) nutzen. Wie kann ich diese auf dem zweiten Ger\u00e4t herunterladen ohne &hellip; H\u00e4ufige Fragen weiterlesen\" \/>\n<meta property=\"og:url\" content=\"http:\/\/www.die-logo-app.com\/?page_id=127\" \/>\n<meta property=\"og:site_name\" content=\"Logo App\" \/>\n<meta property=\"article:modified_time\" content=\"2018-04-27T09:24:05+00:00\" \/>\n<meta name=\"twitter:card\" content=\"summary_large_image\" \/>\n<script type=\"application\/ld+json\" class=\"yoast-schema-graph\">{\"@context\":\"https:\/\/schema.org\",\"@graph\":[{\"@type\":\"WebSite\",\"@id\":\"https:\/\/www.die-logo-app.com\/#website\",\"url\":\"https:\/\/www.die-logo-app.com\/\",\"name\":\"Logo App\",\"description\":\"Logop\\u00e4die  &amp; Sprachtraining\",\"potentialAction\":[{\"@type\":\"SearchAction\",\"target\":\"https:\/\/www.die-logo-app.com\/?s={search_term_string}\",\"query-input\":\"required name=search_term_string\"}],\"inLanguage\":\"de\"},{\"@type\":\"WebPage\",\"@id\":\"http:\/\/www.die-logo-app.com\/?page_id=127#webpage\",\"url\":\"http:\/\/www.die-logo-app.com\/?page_id=127\",\"name\":\"H\\u00e4ufige Fragen - Logo App\",\"isPartOf\":{\"@id\":\"https:\/\/www.die-logo-app.com\/#website\"},\"datePublished\":\"2018-04-19T10:11:32+00:00\",\"dateModified\":\"2018-04-27T09:24:05+00:00\",\"inLanguage\":\"de\",\"potentialAction\":[{\"@type\":\"ReadAction\",\"target\":[\"http:\/\/www.die-logo-app.com\/?page_id=127\"]}]}]}<\/script>\n<!-- \/ Yoast SEO plugin. -->","_links":{"self":[{"href":"https:\/\/www.die-logo-app.com\/index.php?rest_route=\/wp\/v2\/pages\/127"}],"collection":[{"href":"https:\/\/www.die-logo-app.com\/index.php?rest_route=\/wp\/v2\/pages"}],"about":[{"href":"https:\/\/www.die-logo-app.com\/index.php?rest_route=\/wp\/v2\/types\/page"}],"author":[{"embeddable":true,"href":"https:\/\/www.die-logo-app.com\/index.php?rest_route=\/wp\/v2\/users\/2"}],"replies":[{"embeddable":true,"href":"https:\/\/www.die-logo-app.com\/index.php?rest_route=%2Fwp%2Fv2%2Fcomments&post=127"}],"version-history":[{"count":7,"href":"https:\/\/www.die-logo-app.com\/index.php?rest_route=\/wp\/v2\/pages\/127\/revisions"}],"predecessor-version":[{"id":139,"href":"https:\/\/www.die-logo-app.com\/index.php?rest_route=\/wp\/v2\/pages\/127\/revisions\/139"}],"wp:attachment":[{"href":"https:\/\/www.die-logo-app.com\/index.php?rest_route=%2Fwp%2Fv2%2Fmedia&parent=127"}],"curies":[{"name":"wp","href":"https:\/\/api.w.org\/{rel}","templated":true}]}}