{"id":52,"date":"2017-11-23T15:13:34","date_gmt":"2017-11-23T14:13:34","guid":{"rendered":"http:\/\/die-logo-app.de\/?page_id=52"},"modified":"2018-04-27T12:27:48","modified_gmt":"2018-04-27T10:27:48","slug":"ideekonzept","status":"publish","type":"page","link":"https:\/\/www.die-logo-app.com\/?page_id=52","title":{"rendered":"Idee &#038; Konzept"},"content":{"rendered":"<p>F\u00fcr den erfolgreichen Spracherwerb ist es unerl\u00e4sslich, dass Kinder beim Sprechen und Zuh\u00f6ren Spa\u00df empfinden! Damit genau das bei \u00dcbungen im Rahmen einer logop\u00e4dischen Therapie gew\u00e4hrleistet werden kann, haben wir die App \u201eLogop\u00e4die &amp; Sprachentwicklung\u201c entwickelt. Von der Spielfreude und der Flexibilit\u00e4t profitieren die Kinder, Eltern und Therapeuten gleicherma\u00dfen.<\/p>\n<p>Die Logo-App ist in Zusammenarbeit mit einer Logop\u00e4din konzipiert und getestet worden. Die Inhalte der \u00dcbungen decken alle der in der Therapie relevanten Problemlaute ab und umfassen H\u00f6r- sowie Sprach\u00fcbungen und ein Spiel.<\/p>\n<p>Das kinderfreundliche, ansprechende Design schafft den Kindern eine attraktive und animierende Lernumgebung.<\/p>\n<p>Zus\u00e4tzlich eignet sich die App zur Verbesserung von H\u00f6rverst\u00e4ndnis, Aussprache und Wortschatz beim Erlernen der deutschen Sprache.<\/p>\n","protected":false},"excerpt":{"rendered":"<p>F\u00fcr den erfolgreichen Spracherwerb ist es unerl\u00e4sslich, dass Kinder beim Sprechen und Zuh\u00f6ren Spa\u00df empfinden! Damit genau das bei \u00dcbungen im Rahmen einer logop\u00e4dischen Therapie gew\u00e4hrleistet werden kann, haben wir die App \u201eLogop\u00e4die &amp; Sprachentwicklung\u201c entwickelt. Von der Spielfreude und der Flexibilit\u00e4t profitieren die Kinder, Eltern und Therapeuten gleicherma\u00dfen. Die Logo-App ist in Zusammenarbeit mit &hellip; <a href=\"https:\/\/www.die-logo-app.com\/?page_id=52\" class=\"more-link\"><span class=\"screen-reader-text\">Idee &#038; Konzept<\/span> weiterlesen<\/a><\/p>\n","protected":false},"author":2,"featured_media":0,"parent":0,"menu_order":0,"comment_status":"closed","ping_status":"closed","template":"","meta":[],"yoast_head":"<!-- This site is optimized with the Yoast SEO plugin v14.9 - https:\/\/yoast.com\/wordpress\/plugins\/seo\/ -->\n<title>Logo App- Logop\u00e4die und Sprachtraining - Idee &amp; Konzept<\/title>\n<meta name=\"description\" content=\"F\u00fcr den erfolgreichen Spracherwerb ist es unerl\u00e4sslich, dass Kinder beim Sprechen und Zuh\u00f6ren Spa\u00df empfinden! Damit genau das bei \u00dcbungen im Rahmen einer logop\u00e4dischen Therapie gew\u00e4hrleistet werden kann, haben wir die App \u201eLogop\u00e4die &amp; Sprachentwicklung\u201c entwickelt.\" \/>\n<meta name=\"robots\" content=\"index, follow, max-snippet:-1, max-image-preview:large, max-video-preview:-1\" \/>\n<link rel=\"canonical\" href=\"http:\/\/www.die-logo-app.com\/?page_id=52\" \/>\n<meta property=\"og:locale\" content=\"de_DE\" \/>\n<meta property=\"og:type\" content=\"article\" \/>\n<meta property=\"og:title\" content=\"Logo App- Logop\u00e4die und Sprachtraining - Idee &amp; Konzept\" \/>\n<meta property=\"og:description\" content=\"F\u00fcr den erfolgreichen Spracherwerb ist es unerl\u00e4sslich, dass Kinder beim Sprechen und Zuh\u00f6ren Spa\u00df empfinden! Damit genau das bei \u00dcbungen im Rahmen einer logop\u00e4dischen Therapie gew\u00e4hrleistet werden kann, haben wir die App \u201eLogop\u00e4die &amp; Sprachentwicklung\u201c entwickelt.\" \/>\n<meta property=\"og:url\" content=\"http:\/\/www.die-logo-app.com\/?page_id=52\" \/>\n<meta property=\"og:site_name\" content=\"Logo App\" \/>\n<meta property=\"article:modified_time\" content=\"2018-04-27T10:27:48+00:00\" \/>\n<meta name=\"twitter:card\" content=\"summary_large_image\" \/>\n<script type=\"application\/ld+json\" class=\"yoast-schema-graph\">{\"@context\":\"https:\/\/schema.org\",\"@graph\":[{\"@type\":\"WebSite\",\"@id\":\"https:\/\/www.die-logo-app.com\/#website\",\"url\":\"https:\/\/www.die-logo-app.com\/\",\"name\":\"Logo App\",\"description\":\"Logop\\u00e4die  &amp; Sprachtraining\",\"potentialAction\":[{\"@type\":\"SearchAction\",\"target\":\"https:\/\/www.die-logo-app.com\/?s={search_term_string}\",\"query-input\":\"required name=search_term_string\"}],\"inLanguage\":\"de\"},{\"@type\":\"WebPage\",\"@id\":\"http:\/\/www.die-logo-app.com\/?page_id=52#webpage\",\"url\":\"http:\/\/www.die-logo-app.com\/?page_id=52\",\"name\":\"Logo App- Logop\\u00e4die und Sprachtraining - Idee & Konzept\",\"isPartOf\":{\"@id\":\"https:\/\/www.die-logo-app.com\/#website\"},\"datePublished\":\"2017-11-23T14:13:34+00:00\",\"dateModified\":\"2018-04-27T10:27:48+00:00\",\"description\":\"F\\u00fcr den erfolgreichen Spracherwerb ist es unerl\\u00e4sslich, dass Kinder beim Sprechen und Zuh\\u00f6ren Spa\\u00df empfinden! Damit genau das bei \\u00dcbungen im Rahmen einer logop\\u00e4dischen Therapie gew\\u00e4hrleistet werden kann, haben wir die App \\u201eLogop\\u00e4die & Sprachentwicklung\\u201c entwickelt.\",\"inLanguage\":\"de\",\"potentialAction\":[{\"@type\":\"ReadAction\",\"target\":[\"http:\/\/www.die-logo-app.com\/?page_id=52\"]}]}]}<\/script>\n<!-- \/ Yoast SEO plugin. -->","_links":{"self":[{"href":"https:\/\/www.die-logo-app.com\/index.php?rest_route=\/wp\/v2\/pages\/52"}],"collection":[{"href":"https:\/\/www.die-logo-app.com\/index.php?rest_route=\/wp\/v2\/pages"}],"about":[{"href":"https:\/\/www.die-logo-app.com\/index.php?rest_route=\/wp\/v2\/types\/page"}],"author":[{"embeddable":true,"href":"https:\/\/www.die-logo-app.com\/index.php?rest_route=\/wp\/v2\/users\/2"}],"replies":[{"embeddable":true,"href":"https:\/\/www.die-logo-app.com\/index.php?rest_route=%2Fwp%2Fv2%2Fcomments&post=52"}],"version-history":[{"count":6,"href":"https:\/\/www.die-logo-app.com\/index.php?rest_route=\/wp\/v2\/pages\/52\/revisions"}],"predecessor-version":[{"id":91,"href":"https:\/\/www.die-logo-app.com\/index.php?rest_route=\/wp\/v2\/pages\/52\/revisions\/91"}],"wp:attachment":[{"href":"https:\/\/www.die-logo-app.com\/index.php?rest_route=%2Fwp%2Fv2%2Fmedia&parent=52"}],"curies":[{"name":"wp","href":"https:\/\/api.w.org\/{rel}","templated":true}]}}