{"id":60,"date":"2017-11-23T15:14:46","date_gmt":"2017-11-23T14:14:46","guid":{"rendered":"http:\/\/die-logo-app.de\/?page_id=60"},"modified":"2017-11-28T10:07:52","modified_gmt":"2017-11-28T09:07:52","slug":"fuer-eltern","status":"publish","type":"page","link":"https:\/\/www.die-logo-app.com\/?page_id=60","title":{"rendered":"F\u00fcr Eltern"},"content":{"rendered":"<p>Sie k\u00f6nnen einen Gro\u00dfteil der logop\u00e4dischen \u00dcbungen nun zu Hause oder sogar unterwegs mit Hilfe der App durchf\u00fchren \u2013 angefangen von H\u00f6rspielen zur Schulung der auditiven Wahrnehmung \u00fcber das Sprechen von einfachen W\u00f6rtern bis hin zum Sprechen von schwierigeren S\u00e4tzen. Die App begleitet Sie und Ihre Kinder bei der logop\u00e4dischen Therapie und erspart Ihnen nervenaufreibende Diskussionen und Maulereien um die Durchf\u00fchrung der Hausaufgaben. Ihr Kind f\u00fchrt die \u00dcbungen wieder mit Spa\u00df durch!<\/p>\n","protected":false},"excerpt":{"rendered":"<p>Sie k\u00f6nnen einen Gro\u00dfteil der logop\u00e4dischen \u00dcbungen nun zu Hause oder sogar unterwegs mit Hilfe der App durchf\u00fchren \u2013 angefangen von H\u00f6rspielen zur Schulung der auditiven Wahrnehmung \u00fcber das Sprechen von einfachen W\u00f6rtern bis hin zum Sprechen von schwierigeren S\u00e4tzen. Die App begleitet Sie und Ihre Kinder bei der logop\u00e4dischen Therapie und erspart Ihnen nervenaufreibende &hellip; <a href=\"https:\/\/www.die-logo-app.com\/?page_id=60\" class=\"more-link\"><span class=\"screen-reader-text\">F\u00fcr Eltern<\/span> weiterlesen<\/a><\/p>\n","protected":false},"author":2,"featured_media":0,"parent":0,"menu_order":0,"comment_status":"closed","ping_status":"closed","template":"","meta":[],"yoast_head":"<!-- This site is optimized with the Yoast SEO plugin v14.9 - https:\/\/yoast.com\/wordpress\/plugins\/seo\/ -->\n<title>F\u00fcr Eltern - Logo App<\/title>\n<meta name=\"robots\" content=\"index, follow, max-snippet:-1, max-image-preview:large, max-video-preview:-1\" \/>\n<link rel=\"canonical\" href=\"http:\/\/www.die-logo-app.com\/?page_id=60\" \/>\n<meta property=\"og:locale\" content=\"de_DE\" \/>\n<meta property=\"og:type\" content=\"article\" \/>\n<meta property=\"og:title\" content=\"F\u00fcr Eltern - Logo App\" \/>\n<meta property=\"og:description\" content=\"Sie k\u00f6nnen einen Gro\u00dfteil der logop\u00e4dischen \u00dcbungen nun zu Hause oder sogar unterwegs mit Hilfe der App durchf\u00fchren \u2013 angefangen von H\u00f6rspielen zur Schulung der auditiven Wahrnehmung \u00fcber das Sprechen von einfachen W\u00f6rtern bis hin zum Sprechen von schwierigeren S\u00e4tzen. Die App begleitet Sie und Ihre Kinder bei der logop\u00e4dischen Therapie und erspart Ihnen nervenaufreibende &hellip; F\u00fcr Eltern weiterlesen\" \/>\n<meta property=\"og:url\" content=\"http:\/\/www.die-logo-app.com\/?page_id=60\" \/>\n<meta property=\"og:site_name\" content=\"Logo App\" \/>\n<meta property=\"article:modified_time\" content=\"2017-11-28T09:07:52+00:00\" \/>\n<meta name=\"twitter:card\" content=\"summary_large_image\" \/>\n<script type=\"application\/ld+json\" class=\"yoast-schema-graph\">{\"@context\":\"https:\/\/schema.org\",\"@graph\":[{\"@type\":\"WebSite\",\"@id\":\"https:\/\/www.die-logo-app.com\/#website\",\"url\":\"https:\/\/www.die-logo-app.com\/\",\"name\":\"Logo App\",\"description\":\"Logop\\u00e4die  &amp; Sprachtraining\",\"potentialAction\":[{\"@type\":\"SearchAction\",\"target\":\"https:\/\/www.die-logo-app.com\/?s={search_term_string}\",\"query-input\":\"required name=search_term_string\"}],\"inLanguage\":\"de\"},{\"@type\":\"WebPage\",\"@id\":\"http:\/\/www.die-logo-app.com\/?page_id=60#webpage\",\"url\":\"http:\/\/www.die-logo-app.com\/?page_id=60\",\"name\":\"F\\u00fcr Eltern - Logo App\",\"isPartOf\":{\"@id\":\"https:\/\/www.die-logo-app.com\/#website\"},\"datePublished\":\"2017-11-23T14:14:46+00:00\",\"dateModified\":\"2017-11-28T09:07:52+00:00\",\"inLanguage\":\"de\",\"potentialAction\":[{\"@type\":\"ReadAction\",\"target\":[\"http:\/\/www.die-logo-app.com\/?page_id=60\"]}]}]}<\/script>\n<!-- \/ Yoast SEO plugin. -->","_links":{"self":[{"href":"https:\/\/www.die-logo-app.com\/index.php?rest_route=\/wp\/v2\/pages\/60"}],"collection":[{"href":"https:\/\/www.die-logo-app.com\/index.php?rest_route=\/wp\/v2\/pages"}],"about":[{"href":"https:\/\/www.die-logo-app.com\/index.php?rest_route=\/wp\/v2\/types\/page"}],"author":[{"embeddable":true,"href":"https:\/\/www.die-logo-app.com\/index.php?rest_route=\/wp\/v2\/users\/2"}],"replies":[{"embeddable":true,"href":"https:\/\/www.die-logo-app.com\/index.php?rest_route=%2Fwp%2Fv2%2Fcomments&post=60"}],"version-history":[{"count":3,"href":"https:\/\/www.die-logo-app.com\/index.php?rest_route=\/wp\/v2\/pages\/60\/revisions"}],"predecessor-version":[{"id":92,"href":"https:\/\/www.die-logo-app.com\/index.php?rest_route=\/wp\/v2\/pages\/60\/revisions\/92"}],"wp:attachment":[{"href":"https:\/\/www.die-logo-app.com\/index.php?rest_route=%2Fwp%2Fv2%2Fmedia&parent=60"}],"curies":[{"name":"wp","href":"https:\/\/api.w.org\/{rel}","templated":true}]}}