{"id":62,"date":"2017-11-23T15:15:00","date_gmt":"2017-11-23T14:15:00","guid":{"rendered":"http:\/\/die-logo-app.de\/?page_id=62"},"modified":"2017-12-19T12:14:33","modified_gmt":"2017-12-19T11:14:33","slug":"fuer-logopaeden","status":"publish","type":"page","link":"https:\/\/www.die-logo-app.com\/?page_id=62","title":{"rendered":"F\u00fcr Logop\u00e4den"},"content":{"rendered":"<p>Mit dem Einsatz der App in Ihrer Therapie erhalten Sie die Motivation der Kinder zur Durchf\u00fchrung der \u00dcbungen hoch und pr\u00e4sentieren sich gleichzeitig als moderne Praxis.<\/p>\n<p>Sie k\u00f6nnen sogar ein funktionsfertiges iPad leasen \u2013 schreiben Sie mir einfach eine kurze Email an <a href=\"mailto:info@guteslernen.com\">info@guteslernen.com<\/a>.<\/p>\n","protected":false},"excerpt":{"rendered":"<p>Mit dem Einsatz der App in Ihrer Therapie erhalten Sie die Motivation der Kinder zur Durchf\u00fchrung der \u00dcbungen hoch und pr\u00e4sentieren sich gleichzeitig als moderne Praxis. Sie k\u00f6nnen sogar ein funktionsfertiges iPad leasen \u2013 schreiben Sie mir einfach eine kurze Email an info@guteslernen.com.<\/p>\n","protected":false},"author":2,"featured_media":0,"parent":0,"menu_order":0,"comment_status":"closed","ping_status":"closed","template":"","meta":[],"yoast_head":"<!-- This site is optimized with the Yoast SEO plugin v14.9 - https:\/\/yoast.com\/wordpress\/plugins\/seo\/ -->\n<title>F\u00fcr Logop\u00e4den - Logo App<\/title>\n<meta name=\"robots\" content=\"index, follow, max-snippet:-1, max-image-preview:large, max-video-preview:-1\" \/>\n<link rel=\"canonical\" href=\"http:\/\/www.die-logo-app.com\/?page_id=62\" \/>\n<meta property=\"og:locale\" content=\"de_DE\" \/>\n<meta property=\"og:type\" content=\"article\" \/>\n<meta property=\"og:title\" content=\"F\u00fcr Logop\u00e4den - Logo App\" \/>\n<meta property=\"og:description\" content=\"Mit dem Einsatz der App in Ihrer Therapie erhalten Sie die Motivation der Kinder zur Durchf\u00fchrung der \u00dcbungen hoch und pr\u00e4sentieren sich gleichzeitig als moderne Praxis. Sie k\u00f6nnen sogar ein funktionsfertiges iPad leasen \u2013 schreiben Sie mir einfach eine kurze Email an info@guteslernen.com.\" \/>\n<meta property=\"og:url\" content=\"http:\/\/www.die-logo-app.com\/?page_id=62\" \/>\n<meta property=\"og:site_name\" content=\"Logo App\" \/>\n<meta property=\"article:modified_time\" content=\"2017-12-19T11:14:33+00:00\" \/>\n<meta name=\"twitter:card\" content=\"summary_large_image\" \/>\n<script type=\"application\/ld+json\" class=\"yoast-schema-graph\">{\"@context\":\"https:\/\/schema.org\",\"@graph\":[{\"@type\":\"WebSite\",\"@id\":\"https:\/\/www.die-logo-app.com\/#website\",\"url\":\"https:\/\/www.die-logo-app.com\/\",\"name\":\"Logo App\",\"description\":\"Logop\\u00e4die  &amp; Sprachtraining\",\"potentialAction\":[{\"@type\":\"SearchAction\",\"target\":\"https:\/\/www.die-logo-app.com\/?s={search_term_string}\",\"query-input\":\"required name=search_term_string\"}],\"inLanguage\":\"de\"},{\"@type\":\"WebPage\",\"@id\":\"http:\/\/www.die-logo-app.com\/?page_id=62#webpage\",\"url\":\"http:\/\/www.die-logo-app.com\/?page_id=62\",\"name\":\"F\\u00fcr Logop\\u00e4den - Logo App\",\"isPartOf\":{\"@id\":\"https:\/\/www.die-logo-app.com\/#website\"},\"datePublished\":\"2017-11-23T14:15:00+00:00\",\"dateModified\":\"2017-12-19T11:14:33+00:00\",\"inLanguage\":\"de\",\"potentialAction\":[{\"@type\":\"ReadAction\",\"target\":[\"http:\/\/www.die-logo-app.com\/?page_id=62\"]}]}]}<\/script>\n<!-- \/ Yoast SEO plugin. -->","_links":{"self":[{"href":"https:\/\/www.die-logo-app.com\/index.php?rest_route=\/wp\/v2\/pages\/62"}],"collection":[{"href":"https:\/\/www.die-logo-app.com\/index.php?rest_route=\/wp\/v2\/pages"}],"about":[{"href":"https:\/\/www.die-logo-app.com\/index.php?rest_route=\/wp\/v2\/types\/page"}],"author":[{"embeddable":true,"href":"https:\/\/www.die-logo-app.com\/index.php?rest_route=\/wp\/v2\/users\/2"}],"replies":[{"embeddable":true,"href":"https:\/\/www.die-logo-app.com\/index.php?rest_route=%2Fwp%2Fv2%2Fcomments&post=62"}],"version-history":[{"count":3,"href":"https:\/\/www.die-logo-app.com\/index.php?rest_route=\/wp\/v2\/pages\/62\/revisions"}],"predecessor-version":[{"id":110,"href":"https:\/\/www.die-logo-app.com\/index.php?rest_route=\/wp\/v2\/pages\/62\/revisions\/110"}],"wp:attachment":[{"href":"https:\/\/www.die-logo-app.com\/index.php?rest_route=%2Fwp%2Fv2%2Fmedia&parent=62"}],"curies":[{"name":"wp","href":"https:\/\/api.w.org\/{rel}","templated":true}]}}